{"id":2,"date":"2023-03-21T21:01:46","date_gmt":"2023-03-21T20:01:46","guid":{"rendered":"https:\/\/ccn.stronazen.pl\/?page_id=2"},"modified":"2023-03-21T21:06:28","modified_gmt":"2023-03-21T20:06:28","slug":"przykladowa-strona","status":"publish","type":"page","link":"https:\/\/ccn.stronazen.pl\/","title":{"rendered":"HOME"},"content":{"rendered":"<div id=\"wppb-builder-container\" class=\"wppb-builder-container\">                <div  class=\"wppb-row-parent  wppb-row-1679429213702 \"  >\n\t\t\t\t\t\n\t\t\t\t\t\t\t\t\t\t\n\t\t\t\t\t\t\t\t\t\t\n\t\t\t\t\t<div class=\"wppb-container \">\n\t\t\t\t\t\t\t\t\t\t\t\t\t\n                        <div class=\"wppb-row\">\n\t\t\t\t\t\t\t                                    <div  class=\"wppb-column-parent wppb-column-parent-view wppb-col-1679429213701  \"  >\n                                        <div class=\"wppb-column\">\n\t\t\t\t\t\n\t\t\t\t\t\t\t\t\t\t\t\n                                            <div class=\"wppb-builder-addons\">\n\t\t\t\t\t\t\t\t\t\t\t\t<div class='wppb-builder-addon wppb-addon-1679429252558'  data-addon-id='1679429252558'><div class='wppb-addon'><div class=\"wppb-headline-addon\"><div class=\"wppb-headline-content\"><h2 class=\"wppb-addon-title\">PO CO NAM TEN STRES?<\/h2><\/div><\/div><\/div><\/div><div class='wppb-builder-addon wppb-addon-1679429213785'  data-addon-id='1679429213785'><div class='wppb-addon'><div class=\"wppb-headline-addon\"><div class=\"wppb-headline-content\"><p class=\"wppb-addon-title\">dr hab. Jolanta \u0141odzi\u0144ska, prof. ucz.<\/p><\/div><\/div><\/div><\/div><div class='wppb-builder-addon wppb-addon-1679429388522'  data-addon-id='1679429388522'><div class='wppb-addon'><div class=\"wppb-addon wppb-button-addon\"><div class=\"wppb-button-addon-content\"><a rel=nofolow href=\"https:\/\/forms.gle\/HckG5hKMmbr6kkJTA\" target=_self class=\"wppb-btn-addons  wppb-btn-light wppb-btn-rounded wppb-btn-large wppb-btn-no\">REJESTRUJ SI\u0118<\/a><\/div><\/div><\/div><\/div>                                            <\/div>\n                                        <\/div>\n                                    <\/div>\n\t\t\t\t\t\t\t\t\t                        <\/div>\n\n                    <\/div>\n                <\/div>\n\t\t\t\t                <div  class=\"wppb-row-parent  wppb-row-1679429213950 \"  >\n\t\t\t\t\t\n\t\t\t\t\t\t\t\t\t\t\n\t\t\t\t\t\t\t\t\t\t\n\t\t\t\t\t<div class=\"wppb-container \">\n\t\t\t\t\t\t\t\t\t\t\t\t\t\n                        <div class=\"wppb-row\">\n\t\t\t\t\t\t\t                                    <div  class=\"wppb-column-parent wppb-column-parent-view wppb-col-1679429213951  \"  >\n                                        <div class=\"wppb-column\">\n\t\t\t\t\t\n\t\t\t\t\t\t\t\t\t\t\t\n                                            <div class=\"wppb-builder-addons\">\n\t\t\t\t\t\t\t\t\t\t\t\t<div class='wppb-builder-addon wppb-addon-1679429213952'  data-addon-id='1679429213952'><div class='wppb-addon'><div class=\"wppb-headline-addon\"><div class=\"wppb-headline-content\"><h2 class=\"wppb-addon-title\">CZYM JEST WA\u017bNO\u015a\u0106 SOCJOLOGICZNA? NA PRZYK\u0141ADZIE BADA\u0143 WIZUALNYCH I STUDI\u00d3W NAD PEJZA\u017bEM D\u0179WI\u0118KOWYM<\/h2><\/div><\/div><\/div><\/div><div class='wppb-builder-addon wppb-addon-1679429213953'  data-addon-id='1679429213953'><div class='wppb-addon'><div class=\"wppb-headline-addon\"><div class=\"wppb-headline-content\"><p class=\"wppb-addon-title\">dr Izabela Bukalska<\/p><\/div><\/div><\/div><\/div><div class='wppb-builder-addon wppb-addon-1679429213954'  data-addon-id='1679429213954'><div class='wppb-addon'><div class=\"wppb-addon wppb-button-addon\"><div class=\"wppb-button-addon-content\"><a rel=nofolow href=\"https:\/\/forms.gle\/wsHstgosEFj4wc1n7\" target=_self class=\"wppb-btn-addons  wppb-btn-light wppb-btn-rounded wppb-btn-large wppb-btn-no\">REJESTRUJ SI\u0118<\/a><\/div><\/div><\/div><\/div>                                            <\/div>\n                                        <\/div>\n                                    <\/div>\n\t\t\t\t\t\t\t\t\t                        <\/div>\n\n                    <\/div>\n                <\/div>\n\t\t\t\t                <div  class=\"wppb-row-parent  wppb-row-1679429214243 \"  >\n\t\t\t\t\t\n\t\t\t\t\t\t\t\t\t\t\n\t\t\t\t\t\t\t\t\t\t\n\t\t\t\t\t<div class=\"wppb-container \">\n\t\t\t\t\t\t\t\t\t\t\t\t\t\n                        <div class=\"wppb-row\">\n\t\t\t\t\t\t\t                                    <div  class=\"wppb-column-parent wppb-column-parent-view wppb-col-1679429214244  \"  >\n                                        <div class=\"wppb-column\">\n\t\t\t\t\t\n\t\t\t\t\t\t\t\t\t\t\t\n                                            <div class=\"wppb-builder-addons\">\n\t\t\t\t\t\t\t\t\t\t\t\t<div class='wppb-builder-addon wppb-addon-1679429214245'  data-addon-id='1679429214245'><div class='wppb-addon'><div class=\"wppb-headline-addon\"><div class=\"wppb-headline-content\"><h2 class=\"wppb-addon-title\">KIEDY\u015a B\u0118D\u0118 SENIOREM - TO\u017bSAMO\u015a\u0106 WIEKU<\/h2><\/div><\/div><\/div><\/div><div class='wppb-builder-addon wppb-addon-1679429214246'  data-addon-id='1679429214246'><div class='wppb-addon'><div class=\"wppb-headline-addon\"><div class=\"wppb-headline-content\"><p class=\"wppb-addon-title\">dr Martyna Kawi\u0144ska<\/p><\/div><\/div><\/div><\/div><div class='wppb-builder-addon wppb-addon-1679429214247'  data-addon-id='1679429214247'><div class='wppb-addon'><div class=\"wppb-addon wppb-button-addon\"><div class=\"wppb-button-addon-content\"><a rel=nofolow href=\"https:\/\/forms.gle\/qfbpS1PihzxJik1h9\" target=_self class=\"wppb-btn-addons  wppb-btn-light wppb-btn-rounded wppb-btn-large wppb-btn-no\">REJESTRUJ SI\u0118<\/a><\/div><\/div><\/div><\/div>                                            <\/div>\n                                        <\/div>\n                                    <\/div>\n\t\t\t\t\t\t\t\t\t                        <\/div>\n\n                    <\/div>\n                <\/div>\n\t\t\t\t                <div  class=\"wppb-row-parent  wppb-row-1679429214436 \"  >\n\t\t\t\t\t\n\t\t\t\t\t\t\t\t\t\t\n\t\t\t\t\t\t\t\t\t\t\n\t\t\t\t\t<div class=\"wppb-container \">\n\t\t\t\t\t\t\t\t\t\t\t\t\t\n                        <div class=\"wppb-row\">\n\t\t\t\t\t\t\t                                    <div  class=\"wppb-column-parent wppb-column-parent-view wppb-col-1679429214437  \"  >\n                                        <div class=\"wppb-column\">\n\t\t\t\t\t\n\t\t\t\t\t\t\t\t\t\t\t\n                                            <div class=\"wppb-builder-addons\">\n\t\t\t\t\t\t\t\t\t\t\t\t<div class='wppb-builder-addon wppb-addon-1679429214438'  data-addon-id='1679429214438'><div class='wppb-addon'><div class=\"wppb-headline-addon\"><div class=\"wppb-headline-content\"><h2 class=\"wppb-addon-title\">KOMUNIKACJA MI\u0118DZYLUDZKA<\/h2><\/div><\/div><\/div><\/div><div class='wppb-builder-addon wppb-addon-1679429214439'  data-addon-id='1679429214439'><div class='wppb-addon'><div class=\"wppb-headline-addon\"><div class=\"wppb-headline-content\"><p class=\"wppb-addon-title\">dr Anna Linek<\/p><\/div><\/div><\/div><\/div><div class='wppb-builder-addon wppb-addon-1679429214440'  data-addon-id='1679429214440'><div class='wppb-addon'><div class=\"wppb-addon wppb-button-addon\"><div class=\"wppb-button-addon-content\"><a rel=nofolow href=\"https:\/\/forms.gle\/gtFkqymNf6YxL8Et8\" target=_self class=\"wppb-btn-addons  wppb-btn-light wppb-btn-rounded wppb-btn-large wppb-btn-no\">REJESTRUJ SI\u0118<\/a><\/div><\/div><\/div><\/div>                                            <\/div>\n                                        <\/div>\n                                    <\/div>\n\t\t\t\t\t\t\t\t\t                        <\/div>\n\n                    <\/div>\n                <\/div>\n\t\t\t\t                <div  class=\"wppb-row-parent  wppb-row-1679429214441 \"  >\n\t\t\t\t\t\n\t\t\t\t\t\t\t\t\t\t\n\t\t\t\t\t\t\t\t\t\t\n\t\t\t\t\t<div class=\"wppb-container \">\n\t\t\t\t\t\t\t\t\t\t\t\t\t\n                        <div class=\"wppb-row\">\n\t\t\t\t\t\t\t                                    <div  class=\"wppb-column-parent wppb-column-parent-view wppb-col-1679429214442  \"  >\n                                        <div class=\"wppb-column\">\n\t\t\t\t\t\n\t\t\t\t\t\t\t\t\t\t\t\n                                            <div class=\"wppb-builder-addons\">\n\t\t\t\t\t\t\t\t\t\t\t\t<div class='wppb-builder-addon wppb-addon-1679429214443'  data-addon-id='1679429214443'><div class='wppb-addon'><div class=\"wppb-headline-addon\"><div class=\"wppb-headline-content\"><h2 class=\"wppb-addon-title\">RAP, HIP-HOP, MURAL, A MO\u017bE SZACHY (?!)... CZYLI JAK DZIA\u0141A\u0106 NA RZECZ LOKALNEJ SPO\u0141ECZNO\u015aCI<\/h2><\/div><\/div><\/div><\/div><div class='wppb-builder-addon wppb-addon-1679429214444'  data-addon-id='1679429214444'><div class='wppb-addon'><div class=\"wppb-headline-addon\"><div class=\"wppb-headline-content\"><p class=\"wppb-addon-title\">mgr Agata Rozalska<\/p><\/div><\/div><\/div><\/div><div class='wppb-builder-addon wppb-addon-1679429214445'  data-addon-id='1679429214445'><div class='wppb-addon'><div class=\"wppb-addon wppb-button-addon\"><div class=\"wppb-button-addon-content\"><a rel=nofolow href=\"https:\/\/forms.gle\/YWVnANATdaiUBuwf9\" target=_self class=\"wppb-btn-addons  wppb-btn-light wppb-btn-rounded wppb-btn-large wppb-btn-no\">REJESTRUJ SI\u0118<\/a><\/div><\/div><\/div><\/div>                                            <\/div>\n                                        <\/div>\n                                    <\/div>\n\t\t\t\t\t\t\t\t\t                        <\/div>\n\n                    <\/div>\n                <\/div>\n\t\t\t\t                <div  class=\"wppb-row-parent  wppb-row-1679429214784 \"  >\n\t\t\t\t\t\n\t\t\t\t\t\t\t\t\t\t\n\t\t\t\t\t\t\t\t\t\t\n\t\t\t\t\t<div class=\"wppb-container \">\n\t\t\t\t\t\t\t\t\t\t\t\t\t\n                        <div class=\"wppb-row\">\n\t\t\t\t\t\t\t                                    <div  class=\"wppb-column-parent wppb-column-parent-view wppb-col-1679429214785  \"  >\n                                        <div class=\"wppb-column\">\n\t\t\t\t\t\n\t\t\t\t\t\t\t\t\t\t\t\n                                            <div class=\"wppb-builder-addons\">\n\t\t\t\t\t\t\t\t\t\t\t\t<div class='wppb-builder-addon wppb-addon-1679429214786'  data-addon-id='1679429214786'><div class='wppb-addon'><div class=\"wppb-headline-addon\"><div class=\"wppb-headline-content\"><h2 class=\"wppb-addon-title\">CZY KULTURA POPULARNA JEST POLITYCZNA?<\/h2><\/div><\/div><\/div><\/div><div class='wppb-builder-addon wppb-addon-1679429214787'  data-addon-id='1679429214787'><div class='wppb-addon'><div class=\"wppb-headline-addon\"><div class=\"wppb-headline-content\"><p class=\"wppb-addon-title\">dr Bartosz Rydli\u0144ski<\/p><\/div><\/div><\/div><\/div><div class='wppb-builder-addon wppb-addon-1679429214788'  data-addon-id='1679429214788'><div class='wppb-addon'><div class=\"wppb-addon wppb-button-addon\"><div class=\"wppb-button-addon-content\"><a rel=nofolow href=\"https:\/\/forms.gle\/c8AK3MSrPMgzbcp28\" target=_self class=\"wppb-btn-addons  wppb-btn-light wppb-btn-rounded wppb-btn-large wppb-btn-no\">REJESTRUJ SI\u0118<\/a><\/div><\/div><\/div><\/div>                                            <\/div>\n                                        <\/div>\n                                    <\/div>\n\t\t\t\t\t\t\t\t\t                        <\/div>\n\n                    <\/div>\n                <\/div>\n\t\t\t\t                <div  class=\"wppb-row-parent  wppb-row-1679429214915 \"  >\n\t\t\t\t\t\n\t\t\t\t\t\t\t\t\t\t\n\t\t\t\t\t\t\t\t\t\t\n\t\t\t\t\t<div class=\"wppb-container \">\n\t\t\t\t\t\t\t\t\t\t\t\t\t\n                        <div class=\"wppb-row\">\n\t\t\t\t\t\t\t                                    <div  class=\"wppb-column-parent wppb-column-parent-view wppb-col-1679429214916  \"  >\n                                        <div class=\"wppb-column\">\n\t\t\t\t\t\n\t\t\t\t\t\t\t\t\t\t\t\n                                            <div class=\"wppb-builder-addons\">\n\t\t\t\t\t\t\t\t\t\t\t\t<div class='wppb-builder-addon wppb-addon-1679429214917'  data-addon-id='1679429214917'><div class='wppb-addon'><div class=\"wppb-headline-addon\"><div class=\"wppb-headline-content\"><h2 class=\"wppb-addon-title\">CO DETERMINUJE CEN\u0118 TOWARU, CZYLI KT\u00d3RE OSTRZE NO\u017bY\u0106 TNIE KARTK\u0118<\/h2><\/div><\/div><\/div><\/div><div class='wppb-builder-addon wppb-addon-1679429214918'  data-addon-id='1679429214918'><div class='wppb-addon'><div class=\"wppb-headline-addon\"><div class=\"wppb-headline-content\"><p class=\"wppb-addon-title\">dr Adrian Sad\u0142owski<\/p><\/div><\/div><\/div><\/div><div class='wppb-builder-addon wppb-addon-1679429214919'  data-addon-id='1679429214919'><div class='wppb-addon'><div class=\"wppb-addon wppb-button-addon\"><div class=\"wppb-button-addon-content\"><a rel=nofolow href=\"https:\/\/forms.gle\/kiBfXvetiow4UKRg9\" target=_self class=\"wppb-btn-addons  wppb-btn-light wppb-btn-rounded wppb-btn-large wppb-btn-no\">REJESTRUJ SI\u0118<\/a><\/div><\/div><\/div><\/div>                                            <\/div>\n                                        <\/div>\n                                    <\/div>\n\t\t\t\t\t\t\t\t\t                        <\/div>\n\n                    <\/div>\n                <\/div>\n\t\t\t\t                <div  class=\"wppb-row-parent  wppb-row-1679429215094 \"  >\n\t\t\t\t\t\n\t\t\t\t\t\t\t\t\t\t\n\t\t\t\t\t\t\t\t\t\t\n\t\t\t\t\t<div class=\"wppb-container \">\n\t\t\t\t\t\t\t\t\t\t\t\t\t\n                        <div class=\"wppb-row\">\n\t\t\t\t\t\t\t                                    <div  class=\"wppb-column-parent wppb-column-parent-view wppb-col-1679429215095  \"  >\n                                        <div class=\"wppb-column\">\n\t\t\t\t\t\n\t\t\t\t\t\t\t\t\t\t\t\n                                            <div class=\"wppb-builder-addons\">\n\t\t\t\t\t\t\t\t\t\t\t\t<div class='wppb-builder-addon wppb-addon-1679429215096'  data-addon-id='1679429215096'><div class='wppb-addon'><div class=\"wppb-headline-addon\"><div class=\"wppb-headline-content\"><h2 class=\"wppb-addon-title\">JAK PODEJMOWA\u0106 DECYZJE<\/h2><\/div><\/div><\/div><\/div><div class='wppb-builder-addon wppb-addon-1679429215097'  data-addon-id='1679429215097'><div class='wppb-addon'><div class=\"wppb-headline-addon\"><div class=\"wppb-headline-content\"><p class=\"wppb-addon-title\">dr Piotr Zakrzewski<\/p><\/div><\/div><\/div><\/div><div class='wppb-builder-addon wppb-addon-1679429215098'  data-addon-id='1679429215098'><div class='wppb-addon'><div class=\"wppb-addon wppb-button-addon\"><div class=\"wppb-button-addon-content\"><a  href=\"https:\/\/forms.gle\/iyqawJ2uMchkF7Mn9\" target=_self class=\"wppb-btn-addons  wppb-btn-light wppb-btn-rounded wppb-btn-large wppb-btn-no\">REJESTRUJ SI\u0118<\/a><\/div><\/div><\/div><\/div>                                            <\/div>\n                                        <\/div>\n                                    <\/div>\n\t\t\t\t\t\t\t\t\t                        <\/div>\n\n                    <\/div>\n                <\/div>\n\t\t\t\t<\/div>","protected":false},"excerpt":{"rendered":"<p>PO CO NAM TEN STRES?dr hab. Jolanta \u0141odzi\u0144ska, prof. ucz.REJESTRUJ SI\u0118 CZYM JEST WA\u017bNO\u015a\u0106 SOCJOLOGICZNA? NA PRZYK\u0141ADZIE BADA\u0143 WIZUALNYCH I STUDI\u00d3W NAD PEJZA\u017bEM D\u0179WI\u0118KOWYMdr Izabela BukalskaREJESTRUJ SI\u0118 KIEDY\u015a B\u0118D\u0118 SENIOREM &#8211; TO\u017bSAMO\u015a\u0106 WIEKUdr Martyna Kawi\u0144skaREJESTRUJ SI\u0118 KOMUNIKACJA MI\u0118DZYLUDZKAdr Anna LinekREJESTRUJ SI\u0118 RAP, HIP-HOP, MURAL, A MO\u017bE SZACHY (?!)&#8230; CZYLI JAK DZIA\u0141A\u0106 NA RZECZ LOKALNEJ SPO\u0141ECZNO\u015aCImgr&hellip; <a class=\"more-link\" href=\"https:\/\/ccn.stronazen.pl\/\">Czytaj dalej <span class=\"screen-reader-text\">HOME<\/span><\/a><\/p>\n","protected":false},"author":1,"featured_media":0,"parent":0,"menu_order":0,"comment_status":"closed","ping_status":"open","template":"wppb_theme_template","meta":{"footnotes":""},"class_list":["post-2","page","type-page","status-publish","hentry","entry"],"_links":{"self":[{"href":"https:\/\/ccn.stronazen.pl\/index.php\/wp-json\/wp\/v2\/pages\/2","targetHints":{"allow":["GET"]}}],"collection":[{"href":"https:\/\/ccn.stronazen.pl\/index.php\/wp-json\/wp\/v2\/pages"}],"about":[{"href":"https:\/\/ccn.stronazen.pl\/index.php\/wp-json\/wp\/v2\/types\/page"}],"author":[{"embeddable":true,"href":"https:\/\/ccn.stronazen.pl\/index.php\/wp-json\/wp\/v2\/users\/1"}],"replies":[{"embeddable":true,"href":"https:\/\/ccn.stronazen.pl\/index.php\/wp-json\/wp\/v2\/comments?post=2"}],"version-history":[{"count":2,"href":"https:\/\/ccn.stronazen.pl\/index.php\/wp-json\/wp\/v2\/pages\/2\/revisions"}],"predecessor-version":[{"id":8,"href":"https:\/\/ccn.stronazen.pl\/index.php\/wp-json\/wp\/v2\/pages\/2\/revisions\/8"}],"wp:attachment":[{"href":"https:\/\/ccn.stronazen.pl\/index.php\/wp-json\/wp\/v2\/media?parent=2"}],"curies":[{"name":"wp","href":"https:\/\/api.w.org\/{rel}","templated":true}]}}